{"id":3424,"date":"2020-09-21T08:55:19","date_gmt":"2020-09-21T08:55:19","guid":{"rendered":"https:\/\/remake.codeless.co\/?page_id=3424"},"modified":"2025-01-08T05:59:48","modified_gmt":"2025-01-08T05:59:48","slug":"nosotros","status":"publish","type":"page","link":"https:\/\/starbrands.com.mx\/en\/","title":{"rendered":"Nosotros"},"content":{"rendered":"<div data-elementor-type=\"wp-page\" data-elementor-id=\"3424\" class=\"elementor elementor-3424\">\n\t\t\t\t\t\t<section class=\"elementor-section elementor-top-section elementor-element elementor-element-a0f58a3 elementor-section-full_width elementor-section-height-default elementor-section-height-default\" data-id=\"a0f58a3\" data-element_type=\"section\" data-settings=\"{&quot;background_background&quot;:&quot;classic&quot;}\">\n\t\t\t\t\t\t<div class=\"elementor-container elementor-column-gap-default\">\n\t\t\t\t\t<div class=\"elementor-column elementor-col-100 elementor-top-column elementor-element elementor-element-bca9de6\" data-id=\"bca9de6\" data-element_type=\"column\">\n\t\t\t<div class=\"elementor-widget-wrap elementor-element-populated\">\n\t\t\t\t\t\t<div class=\"elementor-element elementor-element-7b3676a elementor-invisible elementor-widget elementor-widget-heading\" data-id=\"7b3676a\" data-element_type=\"widget\" data-settings=\"{&quot;_animation&quot;:&quot;fadeInUp&quot;}\" data-widget_type=\"heading.default\">\n\t\t\t\t<div class=\"elementor-widget-container\">\n\t\t\t<style>\/*! elementor - v3.22.0 - 17-06-2024 *\/\n.elementor-heading-title{padding:0;margin:0;line-height:1}.elementor-widget-heading .elementor-heading-title[class*=elementor-size-]>a{color:inherit;font-size:inherit;line-height:inherit}.elementor-widget-heading .elementor-heading-title.elementor-size-small{font-size:15px}.elementor-widget-heading .elementor-heading-title.elementor-size-medium{font-size:19px}.elementor-widget-heading .elementor-heading-title.elementor-size-large{font-size:29px}.elementor-widget-heading .elementor-heading-title.elementor-size-xl{font-size:39px}.elementor-widget-heading .elementor-heading-title.elementor-size-xxl{font-size:59px}<\/style><h1 class=\"elementor-heading-title elementor-size-default\">Somos Starbrands<\/h1>\t\t<\/div>\n\t\t\t\t<\/div>\n\t\t\t\t\t<\/div>\n\t\t<\/div>\n\t\t\t\t\t<\/div>\n\t\t<\/section>\n\t\t\t\t<section class=\"elementor-section elementor-top-section elementor-element elementor-element-9111dda elementor-section-boxed elementor-section-height-default elementor-section-height-default\" data-id=\"9111dda\" data-element_type=\"section\" data-settings=\"{&quot;background_background&quot;:&quot;classic&quot;}\">\n\t\t\t\t\t\t<div class=\"elementor-container elementor-column-gap-default\">\n\t\t\t\t\t<div class=\"elementor-column elementor-col-100 elementor-top-column elementor-element elementor-element-fecb77a\" data-id=\"fecb77a\" data-element_type=\"column\">\n\t\t\t<div class=\"elementor-widget-wrap elementor-element-populated\">\n\t\t\t\t\t\t<div class=\"elementor-element elementor-element-cb48224 elementor-widget elementor-widget-video\" data-id=\"cb48224\" data-element_type=\"widget\" data-settings=\"{&quot;video_type&quot;:&quot;hosted&quot;,&quot;autoplay&quot;:&quot;yes&quot;,&quot;loop&quot;:&quot;yes&quot;,&quot;play_on_mobile&quot;:&quot;yes&quot;,&quot;controls&quot;:&quot;yes&quot;}\" data-widget_type=\"video.default\">\n\t\t\t\t<div class=\"elementor-widget-container\">\n\t\t\t<style>\/*! elementor - v3.22.0 - 17-06-2024 *\/\n.elementor-widget-video .elementor-widget-container{overflow:hidden;transform:translateZ(0)}.elementor-widget-video .elementor-wrapper{aspect-ratio:var(--video-aspect-ratio)}.elementor-widget-video .elementor-wrapper iframe,.elementor-widget-video .elementor-wrapper video{height:100%;width:100%;display:flex;border:none;background-color:#000}@supports not (aspect-ratio:1\/1){.elementor-widget-video .elementor-wrapper{position:relative;overflow:hidden;height:0;padding-bottom:calc(100% \/ var(--video-aspect-ratio))}.elementor-widget-video .elementor-wrapper iframe,.elementor-widget-video .elementor-wrapper video{position:absolute;top:0;right:0;bottom:0;left:0}}.elementor-widget-video .elementor-open-inline .elementor-custom-embed-image-overlay{position:absolute;top:0;right:0;bottom:0;left:0;background-size:cover;background-position:50%}.elementor-widget-video .elementor-custom-embed-image-overlay{cursor:pointer;text-align:center}.elementor-widget-video .elementor-custom-embed-image-overlay:hover .elementor-custom-embed-play i{opacity:1}.elementor-widget-video .elementor-custom-embed-image-overlay img{display:block;width:100%;aspect-ratio:var(--video-aspect-ratio);-o-object-fit:cover;object-fit:cover;-o-object-position:center center;object-position:center center}@supports not (aspect-ratio:1\/1){.elementor-widget-video .elementor-custom-embed-image-overlay{position:relative;overflow:hidden;height:0;padding-bottom:calc(100% \/ var(--video-aspect-ratio))}.elementor-widget-video .elementor-custom-embed-image-overlay img{position:absolute;top:0;right:0;bottom:0;left:0}}.elementor-widget-video .e-hosted-video .elementor-video{-o-object-fit:cover;object-fit:cover}.e-con-inner>.elementor-widget-video,.e-con>.elementor-widget-video{width:var(--container-widget-width);--flex-grow:var(--container-widget-flex-grow)}<\/style>\t\t<div class=\"e-hosted-video elementor-wrapper elementor-open-inline\">\n\t\t\t\t\t<video class=\"elementor-video\" src=\"https:\/\/starbrands.com.mx\/wp-content\/uploads\/2025\/01\/Ene2025_med.mp4\" autoplay=\"\" loop=\"\" controls=\"\" playsinline=\"\" controlslist=\"nodownload\"><\/video>\n\t\t\t\t<\/div>\n\t\t\t\t<\/div>\n\t\t\t\t<\/div>\n\t\t\t\t\t<\/div>\n\t\t<\/div>\n\t\t\t\t\t<\/div>\n\t\t<\/section>\n\t\t\t\t<section class=\"elementor-section elementor-top-section elementor-element elementor-element-ca65cff elementor-section-boxed elementor-section-height-default elementor-section-height-default\" data-id=\"ca65cff\" data-element_type=\"section\">\n\t\t\t\t\t\t<div class=\"elementor-container elementor-column-gap-default\">\n\t\t\t\t\t<div class=\"elementor-column elementor-col-50 elementor-top-column elementor-element elementor-element-856d62b\" data-id=\"856d62b\" data-element_type=\"column\">\n\t\t\t<div class=\"elementor-widget-wrap elementor-element-populated\">\n\t\t\t\t\t\t<div class=\"elementor-element elementor-element-11fa2c8 elementor-widget elementor-widget-image\" data-id=\"11fa2c8\" data-element_type=\"widget\" data-widget_type=\"image.default\">\n\t\t\t\t<div class=\"elementor-widget-container\">\n\t\t\t<style>\/*! elementor - v3.22.0 - 17-06-2024 *\/\n.elementor-widget-image{text-align:center}.elementor-widget-image a{display:inline-block}.elementor-widget-image a img[src$=\".svg\"]{width:48px}.elementor-widget-image img{vertical-align:middle;display:inline-block}<\/style>\t\t\t\t\t\t\t\t\t\t<img fetchpriority=\"high\" decoding=\"async\" width=\"509\" height=\"266\" src=\"https:\/\/starbrands.com.mx\/wp-content\/uploads\/2023\/09\/cropped-cropped-Asset-2.png\" class=\"attachment-large size-large wp-image-6301\" alt=\"Starbrands\" srcset=\"https:\/\/starbrands.com.mx\/wp-content\/uploads\/2023\/09\/cropped-cropped-Asset-2.png 509w, https:\/\/starbrands.com.mx\/wp-content\/uploads\/2023\/09\/cropped-cropped-Asset-2-300x157.png 300w\" sizes=\"(max-width: 509px) 100vw, 509px\" \/>\t\t\t\t\t\t\t\t\t\t\t\t\t<\/div>\n\t\t\t\t<\/div>\n\t\t\t\t\t<\/div>\n\t\t<\/div>\n\t\t\t\t<div class=\"elementor-column elementor-col-50 elementor-top-column elementor-element elementor-element-55b31c3\" data-id=\"55b31c3\" data-element_type=\"column\">\n\t\t\t<div class=\"elementor-widget-wrap elementor-element-populated\">\n\t\t\t\t\t\t<div class=\"elementor-element elementor-element-e75cf96 elementor-widget elementor-widget-text-editor\" data-id=\"e75cf96\" data-element_type=\"widget\" data-widget_type=\"text-editor.default\">\n\t\t\t\t<div class=\"elementor-widget-container\">\n\t\t\t<style>\/*! elementor - v3.22.0 - 17-06-2024 *\/\n.elementor-widget-text-editor.elementor-drop-cap-view-stacked .elementor-drop-cap{background-color:#69727d;color:#fff}.elementor-widget-text-editor.elementor-drop-cap-view-framed .elementor-drop-cap{color:#69727d;border:3px solid;background-color:transparent}.elementor-widget-text-editor:not(.elementor-drop-cap-view-default) .elementor-drop-cap{margin-top:8px}.elementor-widget-text-editor:not(.elementor-drop-cap-view-default) .elementor-drop-cap-letter{width:1em;height:1em}.elementor-widget-text-editor .elementor-drop-cap{float:left;text-align:center;line-height:1;font-size:50px}.elementor-widget-text-editor .elementor-drop-cap-letter{display:inline-block}<\/style>\t\t\t\t<p>Hay algo que nos une a todos en Starbrands, la pasi\u00f3n por hacer que las marcas brillen.<\/p><p>Un director de marca (cliente) y una directora creativa (agencia) encontraron la manera de hacer cosas exitosas. Y han estado replicando esta f\u00f3rmula desde el 2004 que se fund\u00f3 Starbrands.<\/p><p>Fomentamos el di\u00e1logo estrat\u00e9gico para alimentar el proceso creativo, y el di\u00e1logo creativo para fomentar un proceso estrat\u00e9gico, para tener como resultado algo mucho m\u00e1s grande.<\/p><p>A lo largo de estos casi 20 a\u00f1os, hemos consolidado en nuestras filas todo tipo de talento y hemos adoptado nuevas herramientas para ser cada vez mejores en lo que hacemos.<\/p>\t\t\t\t\t\t<\/div>\n\t\t\t\t<\/div>\n\t\t\t\t\t<\/div>\n\t\t<\/div>\n\t\t\t\t\t<\/div>\n\t\t<\/section>\n\t\t\t\t<section class=\"elementor-section elementor-top-section elementor-element elementor-element-546ceacf elementor-section-content-space-between elementor-section-boxed elementor-section-height-default elementor-section-height-default\" data-id=\"546ceacf\" data-element_type=\"section\">\n\t\t\t\t\t\t\t<div class=\"elementor-background-overlay\"><\/div>\n\t\t\t\t\t\t\t<div class=\"elementor-container elementor-column-gap-default\">\n\t\t\t\t\t<div class=\"elementor-column elementor-col-25 elementor-top-column elementor-element elementor-element-3063920 elementor-invisible\" data-id=\"3063920\" data-element_type=\"column\" data-settings=\"{&quot;background_background&quot;:&quot;classic&quot;,&quot;animation&quot;:&quot;fadeInUp&quot;}\">\n\t\t\t<div class=\"elementor-widget-wrap elementor-element-populated\">\n\t\t\t\t\t<div class=\"elementor-background-overlay\"><\/div>\n\t\t\t\t\t\t<section class=\"elementor-section elementor-inner-section elementor-element elementor-element-336e1f25 elementor-section-boxed elementor-section-height-default elementor-section-height-default\" data-id=\"336e1f25\" data-element_type=\"section\">\n\t\t\t\t\t\t\t<div class=\"elementor-background-overlay\"><\/div>\n\t\t\t\t\t\t\t<div class=\"elementor-container elementor-column-gap-default\">\n\t\t\t\t\t<div class=\"elementor-column elementor-col-100 elementor-inner-column elementor-element elementor-element-64d483a4\" data-id=\"64d483a4\" data-element_type=\"column\">\n\t\t\t<div class=\"elementor-widget-wrap elementor-element-populated\">\n\t\t\t\t\t\t<div class=\"elementor-element elementor-element-4813f77c elementor-widget elementor-widget-heading\" data-id=\"4813f77c\" data-element_type=\"widget\" data-widget_type=\"heading.default\">\n\t\t\t\t<div class=\"elementor-widget-container\">\n\t\t\t<h2 class=\"elementor-heading-title elementor-size-default\">Estrategia<\/h2>\t\t<\/div>\n\t\t\t\t<\/div>\n\t\t\t\t\t<\/div>\n\t\t<\/div>\n\t\t\t\t\t<\/div>\n\t\t<\/section>\n\t\t\t\t\t<\/div>\n\t\t<\/div>\n\t\t\t\t<div class=\"elementor-column elementor-col-25 elementor-top-column elementor-element elementor-element-6d0258f1 elementor-invisible\" data-id=\"6d0258f1\" data-element_type=\"column\" data-settings=\"{&quot;background_background&quot;:&quot;classic&quot;,&quot;animation&quot;:&quot;fadeInUp&quot;,&quot;animation_delay&quot;:200}\">\n\t\t\t<div class=\"elementor-widget-wrap elementor-element-populated\">\n\t\t\t\t\t<div class=\"elementor-background-overlay\"><\/div>\n\t\t\t\t\t\t<section class=\"elementor-section elementor-inner-section elementor-element elementor-element-228582e3 elementor-section-boxed elementor-section-height-default elementor-section-height-default\" data-id=\"228582e3\" data-element_type=\"section\">\n\t\t\t\t\t\t<div class=\"elementor-container elementor-column-gap-default\">\n\t\t\t\t\t<div class=\"elementor-column elementor-col-100 elementor-inner-column elementor-element elementor-element-5c2f92a3\" data-id=\"5c2f92a3\" data-element_type=\"column\">\n\t\t\t<div class=\"elementor-widget-wrap elementor-element-populated\">\n\t\t\t\t\t\t<div class=\"elementor-element elementor-element-402153de elementor-widget elementor-widget-heading\" data-id=\"402153de\" data-element_type=\"widget\" data-widget_type=\"heading.default\">\n\t\t\t\t<div class=\"elementor-widget-container\">\n\t\t\t<h2 class=\"elementor-heading-title elementor-size-default\">Dise\u00f1o y comunicaci\u00f3n<\/h2>\t\t<\/div>\n\t\t\t\t<\/div>\n\t\t\t\t\t<\/div>\n\t\t<\/div>\n\t\t\t\t\t<\/div>\n\t\t<\/section>\n\t\t\t\t\t<\/div>\n\t\t<\/div>\n\t\t\t\t<div class=\"elementor-column elementor-col-25 elementor-top-column elementor-element elementor-element-25216e8 elementor-invisible\" data-id=\"25216e8\" data-element_type=\"column\" data-settings=\"{&quot;background_background&quot;:&quot;classic&quot;,&quot;animation&quot;:&quot;fadeInUp&quot;,&quot;animation_delay&quot;:200}\">\n\t\t\t<div class=\"elementor-widget-wrap elementor-element-populated\">\n\t\t\t\t\t<div class=\"elementor-background-overlay\"><\/div>\n\t\t\t\t\t\t<section class=\"elementor-section elementor-inner-section elementor-element elementor-element-9e40503 elementor-section-boxed elementor-section-height-default elementor-section-height-default\" data-id=\"9e40503\" data-element_type=\"section\">\n\t\t\t\t\t\t<div class=\"elementor-container elementor-column-gap-default\">\n\t\t\t\t\t<div class=\"elementor-column elementor-col-100 elementor-inner-column elementor-element elementor-element-1b483d4\" data-id=\"1b483d4\" data-element_type=\"column\">\n\t\t\t<div class=\"elementor-widget-wrap elementor-element-populated\">\n\t\t\t\t\t\t<div class=\"elementor-element elementor-element-63e9dbc elementor-widget elementor-widget-heading\" data-id=\"63e9dbc\" data-element_type=\"widget\" data-widget_type=\"heading.default\">\n\t\t\t\t<div class=\"elementor-widget-container\">\n\t\t\t<h2 class=\"elementor-heading-title elementor-size-default\">Empaque<\/h2>\t\t<\/div>\n\t\t\t\t<\/div>\n\t\t\t\t\t<\/div>\n\t\t<\/div>\n\t\t\t\t\t<\/div>\n\t\t<\/section>\n\t\t\t\t\t<\/div>\n\t\t<\/div>\n\t\t\t\t<div class=\"elementor-column elementor-col-25 elementor-top-column elementor-element elementor-element-5c6fd323 elementor-invisible\" data-id=\"5c6fd323\" data-element_type=\"column\" data-settings=\"{&quot;background_background&quot;:&quot;classic&quot;,&quot;animation&quot;:&quot;fadeInUp&quot;,&quot;animation_delay&quot;:400}\">\n\t\t\t<div class=\"elementor-widget-wrap elementor-element-populated\">\n\t\t\t\t\t<div class=\"elementor-background-overlay\"><\/div>\n\t\t\t\t\t\t<section class=\"elementor-section elementor-inner-section elementor-element elementor-element-d57f15f elementor-section-boxed elementor-section-height-default elementor-section-height-default\" data-id=\"d57f15f\" data-element_type=\"section\">\n\t\t\t\t\t\t<div class=\"elementor-container elementor-column-gap-default\">\n\t\t\t\t\t<div class=\"elementor-column elementor-col-100 elementor-inner-column elementor-element elementor-element-60f3498d\" data-id=\"60f3498d\" data-element_type=\"column\">\n\t\t\t<div class=\"elementor-widget-wrap elementor-element-populated\">\n\t\t\t\t\t\t<div class=\"elementor-element elementor-element-6feb52e3 elementor-widget elementor-widget-heading\" data-id=\"6feb52e3\" data-element_type=\"widget\" data-widget_type=\"heading.default\">\n\t\t\t\t<div class=\"elementor-widget-container\">\n\t\t\t<h2 class=\"elementor-heading-title elementor-size-default\">Digital y medios<\/h2>\t\t<\/div>\n\t\t\t\t<\/div>\n\t\t\t\t\t<\/div>\n\t\t<\/div>\n\t\t\t\t\t<\/div>\n\t\t<\/section>\n\t\t\t\t\t<\/div>\n\t\t<\/div>\n\t\t\t\t\t<\/div>\n\t\t<\/section>\n\t\t\t\t<section class=\"elementor-section elementor-top-section elementor-element elementor-element-410b129 elementor-section-full_width elementor-section-height-default elementor-section-height-default\" data-id=\"410b129\" data-element_type=\"section\">\n\t\t\t\t\t\t<div class=\"elementor-container elementor-column-gap-default\">\n\t\t\t\t\t<div class=\"elementor-column elementor-col-100 elementor-top-column elementor-element elementor-element-d18e741\" data-id=\"d18e741\" data-element_type=\"column\">\n\t\t\t<div class=\"elementor-widget-wrap elementor-element-populated\">\n\t\t\t\t\t\t<div class=\"elementor-element elementor-element-4903fdb elementor-widget elementor-widget-heading\" data-id=\"4903fdb\" data-element_type=\"widget\" data-widget_type=\"heading.default\">\n\t\t\t\t<div class=\"elementor-widget-container\">\n\t\t\t<h2 class=\"elementor-heading-title elementor-size-default\">Conoce a los socios <br>\nfundadores<\/h2>\t\t<\/div>\n\t\t\t\t<\/div>\n\t\t\t\t<div class=\"elementor-element elementor-element-17432d1 elementor-widget elementor-widget-ce-staff-carousel\" data-id=\"17432d1\" data-element_type=\"widget\" data-widget_type=\"ce-staff-carousel.default\">\n\t\t\t\t<div class=\"elementor-widget-container\">\n\t\t\t\t\t\t\t<div class=\"ce-staff-carousel ce-staff-style-beas\" data-columns=\"2\" data-autoplay=\"0\" data-slide-by=\"2\" data-loop=\"0\" data-gutter=\"0\" data-center=\"1\" data-mode=\"carousel\" data-mouse-drag=\"1\" data-edge-padding-side=\"1\" data-carousel-controls=\"0\" data-edge-padding=\"500\">\n\n            \t\t\t\t\t\t                        <div id=\"cl-staff-item-3467\" class=\"ce-staff-item ce-animation ce-animation--bottom-t-top ce-animation-manual\" data-speed=\"300\" data-delay=\"0\">\n\t\t\n\t\t<div class=\"team-thumbnail\">\n\t\t\t\n\t\t\t<img decoding=\"async\" width=\"1129\" height=\"967\" src=\"https:\/\/starbrands.com.mx\/wp-content\/uploads\/2020\/09\/e960dc65-92a9-4a0a-8583-9736411d93df.jpg\" class=\"attachment-full size-full wp-post-image\" alt=\"\" srcset=\"https:\/\/starbrands.com.mx\/wp-content\/uploads\/2020\/09\/e960dc65-92a9-4a0a-8583-9736411d93df.jpg 1129w, https:\/\/starbrands.com.mx\/wp-content\/uploads\/2020\/09\/e960dc65-92a9-4a0a-8583-9736411d93df-300x257.jpg 300w, https:\/\/starbrands.com.mx\/wp-content\/uploads\/2020\/09\/e960dc65-92a9-4a0a-8583-9736411d93df-1024x877.jpg 1024w, https:\/\/starbrands.com.mx\/wp-content\/uploads\/2020\/09\/e960dc65-92a9-4a0a-8583-9736411d93df-768x658.jpg 768w, https:\/\/starbrands.com.mx\/wp-content\/uploads\/2020\/09\/e960dc65-92a9-4a0a-8583-9736411d93df-14x12.jpg 14w\" sizes=\"(max-width: 1129px) 100vw, 1129px\" \/>\n\t\t<\/div><!-- .team-thumbnail -->\n\t\t\n\t\t<div class=\"team-content\">\n\t\t\t<h4 class=\"team-name\">\n\t\t\t\t<a href=\"https:\/\/starbrands.com.mx\/en\/staff\/clau_vera\/\">Claudia Vera<\/a>\n\t\t\t<\/h4>\n\t\t\t<h6 class=\"team-position\">Co-Fundadora<\/h6>\n\t\t    <div class=\"team-socials\">\n                \t\t\t<\/div>\n\t\t<\/div><!-- team-content -->\n\t            <\/div>                    \t\t\t\t\t\t                        <div id=\"cl-staff-item-745\" class=\"ce-staff-item ce-animation ce-animation--bottom-t-top ce-animation-manual\" data-speed=\"300\" data-delay=\"0\">\n\t\t\n\t\t<div class=\"team-thumbnail\">\n\t\t\t\n\t\t\t<img decoding=\"async\" width=\"209\" height=\"224\" src=\"https:\/\/starbrands.com.mx\/wp-content\/uploads\/2020\/09\/WhatsApp-Image-2024-01-22-at-12.18.05-e1705968024250.jpeg\" class=\"attachment-full size-full wp-post-image\" alt=\"\" \/>\n\t\t<\/div><!-- .team-thumbnail -->\n\t\t\n\t\t<div class=\"team-content\">\n\t\t\t<h4 class=\"team-name\">\n\t\t\t\t<a href=\"https:\/\/starbrands.com.mx\/en\/staff\/ezequiel-buch\/\">Ezequiel Buchbinder<\/a>\n\t\t\t<\/h4>\n\t\t\t<h6 class=\"team-position\">Co-Fundador<\/h6>\n\t\t    <div class=\"team-socials\">\n                \t\t\t<\/div>\n\t\t<\/div><!-- team-content -->\n\t            <\/div>                                                    \t\t\t\n\t\t<\/div>\n\t\t\t\t<\/div>\n\t\t\t\t<\/div>\n\t\t\t\t\t<\/div>\n\t\t<\/div>\n\t\t\t\t\t<\/div>\n\t\t<\/section>\n\t\t\t\t<\/div>","protected":false},"excerpt":{"rendered":"<p>Somos Starbrands https:\/\/starbrands.com.mx\/wp-content\/uploads\/2025\/01\/Ene2025_med.mp4 Hay algo que nos une a todos en Starbrands, la pasi\u00f3n por hacer que las marcas brillen. Un director de marca (cliente) y una directora creativa (agencia) encontraron la manera de hacer cosas exitosas. Y han estado [&hellip;]<\/p>","protected":false},"author":1,"featured_media":0,"parent":0,"menu_order":0,"comment_status":"closed","ping_status":"closed","template":"","meta":{"om_disable_all_campaigns":false,"_themeisle_gutenberg_block_has_review":false,"footnotes":""},"class_list":["post-3424","page","type-page","status-publish","hentry"],"_links":{"self":[{"href":"https:\/\/starbrands.com.mx\/en\/wp-json\/wp\/v2\/pages\/3424","targetHints":{"allow":["GET"]}}],"collection":[{"href":"https:\/\/starbrands.com.mx\/en\/wp-json\/wp\/v2\/pages"}],"about":[{"href":"https:\/\/starbrands.com.mx\/en\/wp-json\/wp\/v2\/types\/page"}],"author":[{"embeddable":true,"href":"https:\/\/starbrands.com.mx\/en\/wp-json\/wp\/v2\/users\/1"}],"replies":[{"embeddable":true,"href":"https:\/\/starbrands.com.mx\/en\/wp-json\/wp\/v2\/comments?post=3424"}],"version-history":[{"count":252,"href":"https:\/\/starbrands.com.mx\/en\/wp-json\/wp\/v2\/pages\/3424\/revisions"}],"predecessor-version":[{"id":7245,"href":"https:\/\/starbrands.com.mx\/en\/wp-json\/wp\/v2\/pages\/3424\/revisions\/7245"}],"wp:attachment":[{"href":"https:\/\/starbrands.com.mx\/en\/wp-json\/wp\/v2\/media?parent=3424"}],"curies":[{"name":"wp","href":"https:\/\/api.w.org\/{rel}","templated":true}]}}